{"id":17454,"date":"2025-03-11T08:03:04","date_gmt":"2025-03-11T06:03:04","guid":{"rendered":"https:\/\/flowers.unco.eu\/?post_type=product&#038;p=17454"},"modified":"2025-03-11T11:30:03","modified_gmt":"2025-03-11T09:30:03","slug":"hefeteig-mit-kefir-zum-backen-ideal-fur-geback-mit-herzhafter-fullung-roh-nicht-sus-gefroren-1-kg-2-unco","status":"publish","type":"product","link":"https:\/\/flowers.unco.eu\/ru\/product\/hefeteig-mit-kefir-zum-backen-ideal-fur-geback-mit-herzhafter-fullung-roh-nicht-sus-gefroren-1-kg-2-unco\/","title":{"rendered":"Hefeteig mit Kefir, zum backen, ideal f\u00fcr Geb\u00e4ck mit herzhafter F\u00fcllung, roh, nicht s\u00fc\u00df, gefroren 1 kg"},"content":{"rendered":"<p>In einer 7 Tagen<\/p>","protected":false},"excerpt":{"rendered":"<p>In einer 7 Tagen<\/p>","protected":false},"featured_media":17567,"template":"","meta":{"_bst_post_transparent":"default","_bst_post_title":"","_bst_post_layout":"default","_bst_post_sidebar_id":"","_bst_post_content_style":"default","_bst_post_vertical_padding":"default","_bst_post_feature":"","_bst_post_feature_position":"","_bst_post_header":false,"_bst_post_footer":false},"product_brand":[],"product_cat":[176],"product_tag":[],"class_list":{"0":"post-17454","1":"product","2":"type-product","3":"status-publish","4":"has-post-thumbnail","6":"product_cat-dough-baked-goods","8":"first","9":"onbackorder","10":"shipping-taxable","11":"purchasable","12":"product-type-simple","13":"entry","14":"content-bg","15":"loop-entry"},"_links":{"self":[{"href":"https:\/\/flowers.unco.eu\/ru\/wp-json\/wp\/v2\/product\/17454","targetHints":{"allow":["GET"]}}],"collection":[{"href":"https:\/\/flowers.unco.eu\/ru\/wp-json\/wp\/v2\/product"}],"about":[{"href":"https:\/\/flowers.unco.eu\/ru\/wp-json\/wp\/v2\/types\/product"}],"version-history":[{"count":1,"href":"https:\/\/flowers.unco.eu\/ru\/wp-json\/wp\/v2\/product\/17454\/revisions"}],"predecessor-version":[{"id":17455,"href":"https:\/\/flowers.unco.eu\/ru\/wp-json\/wp\/v2\/product\/17454\/revisions\/17455"}],"wp:featuredmedia":[{"embeddable":true,"href":"https:\/\/flowers.unco.eu\/ru\/wp-json\/wp\/v2\/media\/17567"}],"wp:attachment":[{"href":"https:\/\/flowers.unco.eu\/ru\/wp-json\/wp\/v2\/media?parent=17454"}],"wp:term":[{"taxonomy":"product_brand","embeddable":true,"href":"https:\/\/flowers.unco.eu\/ru\/wp-json\/wp\/v2\/product_brand?post=17454"},{"taxonomy":"product_cat","embeddable":true,"href":"https:\/\/flowers.unco.eu\/ru\/wp-json\/wp\/v2\/product_cat?post=17454"},{"taxonomy":"product_tag","embeddable":true,"href":"https:\/\/flowers.unco.eu\/ru\/wp-json\/wp\/v2\/product_tag?post=17454"}],"curies":[{"name":"wp","href":"https:\/\/api.w.org\/{rel}","templated":true}]}}