{"id":17001,"date":"2025-03-08T07:17:25","date_gmt":"2025-03-08T07:17:25","guid":{"rendered":"https:\/\/flowers.unco.eu\/?post_type=product&#038;p=17001"},"modified":"2025-03-09T20:48:22","modified_gmt":"2025-03-09T18:48:22","slug":"reispapier-fur-gefullte-rollchen-100-g-2-unco","status":"publish","type":"product","link":"https:\/\/flowers.unco.eu\/ru\/product\/reispapier-fur-gefullte-rollchen-100-g-2-unco\/","title":{"rendered":"Reispapier f\u00fcr gef\u00fcllte R\u00f6llchen 100 g"},"content":{"rendered":"<p>In einer 7 Tagen<\/p>","protected":false},"excerpt":{"rendered":"<p>In einer 7 Tagen<\/p>","protected":false},"featured_media":17091,"template":"","meta":{"_bst_post_transparent":"default","_bst_post_title":"","_bst_post_layout":"default","_bst_post_sidebar_id":"","_bst_post_content_style":"default","_bst_post_vertical_padding":"default","_bst_post_feature":"","_bst_post_feature_position":"","_bst_post_header":false,"_bst_post_footer":false},"product_brand":[],"product_cat":[173,143],"product_tag":[],"class_list":{"0":"post-17001","1":"product","2":"type-product","3":"status-publish","4":"has-post-thumbnail","6":"product_cat-asian-specialities","7":"product_cat-buffet","9":"first","10":"onbackorder","11":"shipping-taxable","12":"purchasable","13":"product-type-simple","14":"entry","15":"content-bg","16":"loop-entry"},"_links":{"self":[{"href":"https:\/\/flowers.unco.eu\/ru\/wp-json\/wp\/v2\/product\/17001","targetHints":{"allow":["GET"]}}],"collection":[{"href":"https:\/\/flowers.unco.eu\/ru\/wp-json\/wp\/v2\/product"}],"about":[{"href":"https:\/\/flowers.unco.eu\/ru\/wp-json\/wp\/v2\/types\/product"}],"version-history":[{"count":1,"href":"https:\/\/flowers.unco.eu\/ru\/wp-json\/wp\/v2\/product\/17001\/revisions"}],"predecessor-version":[{"id":17003,"href":"https:\/\/flowers.unco.eu\/ru\/wp-json\/wp\/v2\/product\/17001\/revisions\/17003"}],"wp:featuredmedia":[{"embeddable":true,"href":"https:\/\/flowers.unco.eu\/ru\/wp-json\/wp\/v2\/media\/17091"}],"wp:attachment":[{"href":"https:\/\/flowers.unco.eu\/ru\/wp-json\/wp\/v2\/media?parent=17001"}],"wp:term":[{"taxonomy":"product_brand","embeddable":true,"href":"https:\/\/flowers.unco.eu\/ru\/wp-json\/wp\/v2\/product_brand?post=17001"},{"taxonomy":"product_cat","embeddable":true,"href":"https:\/\/flowers.unco.eu\/ru\/wp-json\/wp\/v2\/product_cat?post=17001"},{"taxonomy":"product_tag","embeddable":true,"href":"https:\/\/flowers.unco.eu\/ru\/wp-json\/wp\/v2\/product_tag?post=17001"}],"curies":[{"name":"wp","href":"https:\/\/api.w.org\/{rel}","templated":true}]}}