{"id":16105,"date":"2025-01-15T17:54:29","date_gmt":"2025-01-15T17:54:29","guid":{"rendered":"https:\/\/flowers.unco.eu\/?post_type=product&#038;p=16105"},"modified":"2025-02-13T07:22:24","modified_gmt":"2025-02-13T07:22:24","slug":"arom-schwarzer-tee-m-kleinblutiger-weidenroschen-u-himbeerstuckchen-37-5g","status":"publish","type":"product","link":"https:\/\/flowers.unco.eu\/ru\/product\/arom-schwarzer-tee-m-kleinblutiger-weidenroschen-u-himbeerstuckchen-37-5g\/","title":{"rendered":"Arom.schwarzer Tee m. kleinbl\u00fctiger Weidenr\u00f6schen u.Himbeerst\u00fcckchen 37.5g"},"content":{"rendered":"","protected":false},"excerpt":{"rendered":"","protected":false},"featured_media":16106,"template":"","meta":{"_bst_post_transparent":"default","_bst_post_title":"","_bst_post_layout":"default","_bst_post_sidebar_id":"","_bst_post_content_style":"default","_bst_post_vertical_padding":"default","_bst_post_feature":"","_bst_post_feature_position":"","_bst_post_header":false,"_bst_post_footer":false},"product_brand":[],"product_cat":[144,152],"product_tag":[],"class_list":{"0":"post-16105","1":"product","2":"type-product","3":"status-publish","4":"has-post-thumbnail","6":"product_cat-drinks-mineral-water","7":"product_cat-tea-coffee","9":"first","10":"instock","11":"shipping-taxable","12":"purchasable","13":"product-type-simple","14":"entry","15":"content-bg","16":"loop-entry"},"_links":{"self":[{"href":"https:\/\/flowers.unco.eu\/ru\/wp-json\/wp\/v2\/product\/16105","targetHints":{"allow":["GET"]}}],"collection":[{"href":"https:\/\/flowers.unco.eu\/ru\/wp-json\/wp\/v2\/product"}],"about":[{"href":"https:\/\/flowers.unco.eu\/ru\/wp-json\/wp\/v2\/types\/product"}],"version-history":[{"count":1,"href":"https:\/\/flowers.unco.eu\/ru\/wp-json\/wp\/v2\/product\/16105\/revisions"}],"predecessor-version":[{"id":16107,"href":"https:\/\/flowers.unco.eu\/ru\/wp-json\/wp\/v2\/product\/16105\/revisions\/16107"}],"wp:featuredmedia":[{"embeddable":true,"href":"https:\/\/flowers.unco.eu\/ru\/wp-json\/wp\/v2\/media\/16106"}],"wp:attachment":[{"href":"https:\/\/flowers.unco.eu\/ru\/wp-json\/wp\/v2\/media?parent=16105"}],"wp:term":[{"taxonomy":"product_brand","embeddable":true,"href":"https:\/\/flowers.unco.eu\/ru\/wp-json\/wp\/v2\/product_brand?post=16105"},{"taxonomy":"product_cat","embeddable":true,"href":"https:\/\/flowers.unco.eu\/ru\/wp-json\/wp\/v2\/product_cat?post=16105"},{"taxonomy":"product_tag","embeddable":true,"href":"https:\/\/flowers.unco.eu\/ru\/wp-json\/wp\/v2\/product_tag?post=16105"}],"curies":[{"name":"wp","href":"https:\/\/api.w.org\/{rel}","templated":true}]}}