{"id":16801,"date":"2025-02-06T01:02:47","date_gmt":"2025-02-06T01:02:47","guid":{"rendered":"https:\/\/flowers.unco.eu\/?post_type=product&#038;p=16801"},"modified":"2025-05-05T18:07:49","modified_gmt":"2025-05-05T16:07:49","slug":"schaumwein-weis-sus-113","status":"publish","type":"product","link":"https:\/\/flowers.unco.eu\/en\/product\/schaumwein-weis-sus-113\/","title":{"rendered":"Schaumwein, wei\u00df, s\u00fc\u00df, 11,3%, 750 ml"},"content":{"rendered":"","protected":false},"excerpt":{"rendered":"<p class=\"p1\">18+. F\u00fcr Erwachsene.<\/p>\n","protected":false},"featured_media":16802,"template":"","meta":{"_bst_post_transparent":"default","_bst_post_title":"","_bst_post_layout":"default","_bst_post_sidebar_id":"","_bst_post_content_style":"default","_bst_post_vertical_padding":"default","_bst_post_feature":"","_bst_post_feature_position":"","_bst_post_header":false,"_bst_post_footer":false},"product_brand":[],"product_cat":[166,149],"product_tag":[],"class_list":{"0":"post-16801","1":"product","2":"type-product","3":"status-publish","4":"has-post-thumbnail","6":"product_cat-white-wines","7":"product_cat-wine-beverage","9":"first","10":"instock","11":"shipping-taxable","12":"purchasable","13":"product-type-simple","14":"entry","15":"content-bg","16":"loop-entry"},"_links":{"self":[{"href":"https:\/\/flowers.unco.eu\/en\/wp-json\/wp\/v2\/product\/16801","targetHints":{"allow":["GET"]}}],"collection":[{"href":"https:\/\/flowers.unco.eu\/en\/wp-json\/wp\/v2\/product"}],"about":[{"href":"https:\/\/flowers.unco.eu\/en\/wp-json\/wp\/v2\/types\/product"}],"version-history":[{"count":3,"href":"https:\/\/flowers.unco.eu\/en\/wp-json\/wp\/v2\/product\/16801\/revisions"}],"predecessor-version":[{"id":17638,"href":"https:\/\/flowers.unco.eu\/en\/wp-json\/wp\/v2\/product\/16801\/revisions\/17638"}],"wp:featuredmedia":[{"embeddable":true,"href":"https:\/\/flowers.unco.eu\/en\/wp-json\/wp\/v2\/media\/16802"}],"wp:attachment":[{"href":"https:\/\/flowers.unco.eu\/en\/wp-json\/wp\/v2\/media?parent=16801"}],"wp:term":[{"taxonomy":"product_brand","embeddable":true,"href":"https:\/\/flowers.unco.eu\/en\/wp-json\/wp\/v2\/product_brand?post=16801"},{"taxonomy":"product_cat","embeddable":true,"href":"https:\/\/flowers.unco.eu\/en\/wp-json\/wp\/v2\/product_cat?post=16801"},{"taxonomy":"product_tag","embeddable":true,"href":"https:\/\/flowers.unco.eu\/en\/wp-json\/wp\/v2\/product_tag?post=16801"}],"curies":[{"name":"wp","href":"https:\/\/api.w.org\/{rel}","templated":true}]}}