{"id":16505,"date":"2025-02-05T01:51:03","date_gmt":"2025-02-05T01:51:03","guid":{"rendered":"https:\/\/flowers.unco.eu\/?post_type=product&#038;p=16505"},"modified":"2025-02-05T01:51:04","modified_gmt":"2025-02-05T01:51:04","slug":"truffel-haselnut-and-raspberry-mit-haselnuss-und-himbeerfullung-in-geschenkverpackung-und-geschenktute-252-g","status":"publish","type":"product","link":"https:\/\/flowers.unco.eu\/en\/product\/truffel-haselnut-and-raspberry-mit-haselnuss-und-himbeerfullung-in-geschenkverpackung-und-geschenktute-252-g\/","title":{"rendered":"Tr\u00fcffel &#8220;Haselnut and Raspberry&#8221; mit Haselnuss und Himbeerf\u00fcllung in Geschenkverpackung und Geschenkt\u00fcte 252 g"},"content":{"rendered":"","protected":false},"excerpt":{"rendered":"","protected":false},"featured_media":16506,"template":"","meta":{"_bst_post_transparent":"default","_bst_post_title":"","_bst_post_layout":"default","_bst_post_sidebar_id":"","_bst_post_content_style":"default","_bst_post_vertical_padding":"default","_bst_post_feature":"","_bst_post_feature_position":"","_bst_post_header":false,"_bst_post_footer":false},"product_brand":[],"product_cat":[174],"product_tag":[],"class_list":{"0":"post-16505","1":"product","2":"type-product","3":"status-publish","4":"has-post-thumbnail","6":"product_cat-cakes-and-sweets","8":"first","9":"instock","10":"shipping-taxable","11":"purchasable","12":"product-type-simple","13":"entry","14":"content-bg","15":"loop-entry"},"_links":{"self":[{"href":"https:\/\/flowers.unco.eu\/en\/wp-json\/wp\/v2\/product\/16505","targetHints":{"allow":["GET"]}}],"collection":[{"href":"https:\/\/flowers.unco.eu\/en\/wp-json\/wp\/v2\/product"}],"about":[{"href":"https:\/\/flowers.unco.eu\/en\/wp-json\/wp\/v2\/types\/product"}],"version-history":[{"count":1,"href":"https:\/\/flowers.unco.eu\/en\/wp-json\/wp\/v2\/product\/16505\/revisions"}],"predecessor-version":[{"id":16507,"href":"https:\/\/flowers.unco.eu\/en\/wp-json\/wp\/v2\/product\/16505\/revisions\/16507"}],"wp:featuredmedia":[{"embeddable":true,"href":"https:\/\/flowers.unco.eu\/en\/wp-json\/wp\/v2\/media\/16506"}],"wp:attachment":[{"href":"https:\/\/flowers.unco.eu\/en\/wp-json\/wp\/v2\/media?parent=16505"}],"wp:term":[{"taxonomy":"product_brand","embeddable":true,"href":"https:\/\/flowers.unco.eu\/en\/wp-json\/wp\/v2\/product_brand?post=16505"},{"taxonomy":"product_cat","embeddable":true,"href":"https:\/\/flowers.unco.eu\/en\/wp-json\/wp\/v2\/product_cat?post=16505"},{"taxonomy":"product_tag","embeddable":true,"href":"https:\/\/flowers.unco.eu\/en\/wp-json\/wp\/v2\/product_tag?post=16505"}],"curies":[{"name":"wp","href":"https:\/\/api.w.org\/{rel}","templated":true}]}}