{"id":17252,"date":"2025-03-10T16:56:33","date_gmt":"2025-03-10T14:56:33","guid":{"rendered":"https:\/\/flowers.unco.eu\/?post_type=product&#038;p=17252"},"modified":"2025-03-10T17:22:23","modified_gmt":"2025-03-10T15:22:23","slug":"bruhwurstspezialitat-nach-polnischer-rezeptur-mini-parowki-400-g-2-unco","status":"publish","type":"product","link":"https:\/\/flowers.unco.eu\/de\/produkt\/bruhwurstspezialitat-nach-polnischer-rezeptur-mini-parowki-400-g-2-unco\/","title":{"rendered":"Br\u00fchwurstspezialit\u00e4t nach polnischer Rezeptur Mini Parowki ~ 400 g"},"content":{"rendered":"<p>Ungef\u00e4hres Gewicht, Preis pro kg<\/p>\n<p>In einer 7 Tagen<\/p>","protected":false},"excerpt":{"rendered":"<p>Ungef\u00e4hres Gewicht, Preis pro kg<\/p>\n<p>In einer 7 Tagen<\/p>","protected":false},"featured_media":17254,"template":"","meta":{"_bst_post_transparent":"default","_bst_post_title":"","_bst_post_layout":"default","_bst_post_sidebar_id":"","_bst_post_content_style":"default","_bst_post_vertical_padding":"default","_bst_post_feature":"","_bst_post_feature_position":"","_bst_post_header":false,"_bst_post_footer":false},"product_brand":[],"product_cat":[161,146,158],"product_tag":[],"class_list":{"0":"post-17252","1":"product","2":"type-product","3":"status-publish","4":"has-post-thumbnail","6":"product_cat-beef","7":"product_cat-meat-fish","8":"product_cat-pork","10":"first","11":"onbackorder","12":"shipping-taxable","13":"purchasable","14":"product-type-simple","15":"entry","16":"content-bg","17":"loop-entry"},"_links":{"self":[{"href":"https:\/\/flowers.unco.eu\/de\/wp-json\/wp\/v2\/product\/17252","targetHints":{"allow":["GET"]}}],"collection":[{"href":"https:\/\/flowers.unco.eu\/de\/wp-json\/wp\/v2\/product"}],"about":[{"href":"https:\/\/flowers.unco.eu\/de\/wp-json\/wp\/v2\/types\/product"}],"version-history":[{"count":1,"href":"https:\/\/flowers.unco.eu\/de\/wp-json\/wp\/v2\/product\/17252\/revisions"}],"predecessor-version":[{"id":17255,"href":"https:\/\/flowers.unco.eu\/de\/wp-json\/wp\/v2\/product\/17252\/revisions\/17255"}],"wp:featuredmedia":[{"embeddable":true,"href":"https:\/\/flowers.unco.eu\/de\/wp-json\/wp\/v2\/media\/17254"}],"wp:attachment":[{"href":"https:\/\/flowers.unco.eu\/de\/wp-json\/wp\/v2\/media?parent=17252"}],"wp:term":[{"taxonomy":"product_brand","embeddable":true,"href":"https:\/\/flowers.unco.eu\/de\/wp-json\/wp\/v2\/product_brand?post=17252"},{"taxonomy":"product_cat","embeddable":true,"href":"https:\/\/flowers.unco.eu\/de\/wp-json\/wp\/v2\/product_cat?post=17252"},{"taxonomy":"product_tag","embeddable":true,"href":"https:\/\/flowers.unco.eu\/de\/wp-json\/wp\/v2\/product_tag?post=17252"}],"curies":[{"name":"wp","href":"https:\/\/api.w.org\/{rel}","templated":true}]}}